{"id":416,"date":"2024-02-19T07:15:29","date_gmt":"2024-02-19T07:15:29","guid":{"rendered":"https:\/\/fethiyetenis.com\/?page_id=416"},"modified":"2024-02-19T11:07:41","modified_gmt":"2024-02-19T11:07:41","slug":"blog","status":"publish","type":"page","link":"https:\/\/fethiyetenis.com\/en\/blog\/","title":{"rendered":"BLOG"},"content":{"rendered":"<div data-elementor-type=\"wp-page\" data-elementor-id=\"416\" class=\"elementor elementor-416\" data-elementor-post-type=\"page\">\n\t\t\t\t<div data-particle_enable=\"false\" data-particle-mobile-disabled=\"false\" class=\"elementor-element elementor-element-70f7dff e-con-full e-flex e-con e-parent\" data-id=\"70f7dff\" data-element_type=\"container\" data-e-type=\"container\">\n\t\t\t\t<div class=\"elementor-element elementor-element-a50a006 elementor-widget elementor-widget-heading\" data-id=\"a50a006\" data-element_type=\"widget\" data-e-type=\"widget\" data-widget_type=\"heading.default\">\n\t\t\t\t<div class=\"elementor-widget-container\">\n\t\t\t\t\t<h2 class=\"elementor-heading-title elementor-size-default\">Everything About Tennis<\/h2>\t\t\t\t<\/div>\n\t\t\t\t<\/div>\n\t\t\t\t<div class=\"elementor-element elementor-element-32f2b2a elementor-widget-divider--separator-type-pattern elementor-widget-divider--view-line elementor-widget elementor-widget-divider\" data-id=\"32f2b2a\" data-element_type=\"widget\" data-e-type=\"widget\" data-widget_type=\"divider.default\">\n\t\t\t\t<div class=\"elementor-widget-container\">\n\t\t\t\t\t\t\t<div class=\"elementor-divider\" style=\"--divider-pattern-url: url(&quot;data:image\/svg+xml,%3Csvg xmlns=&#039;http:\/\/www.w3.org\/2000\/svg&#039; preserveAspectRatio=&#039;none&#039; overflow=&#039;visible&#039; height=&#039;100%&#039; viewBox=&#039;0 0 24 24&#039; fill=&#039;none&#039; stroke=&#039;black&#039; stroke-width=&#039;1&#039; stroke-linecap=&#039;square&#039; stroke-miterlimit=&#039;10&#039;%3E%3Cpath d=&#039;M0,6c6,0,6,13,12,13S18,6,24,6&#039;\/%3E%3C\/svg%3E&quot;);\">\n\t\t\t<span class=\"elementor-divider-separator\">\n\t\t\t\t\t\t<\/span>\n\t\t<\/div>\n\t\t\t\t\t\t<\/div>\n\t\t\t\t<\/div>\n\t\t\t\t<div class=\"elementor-element elementor-element-f687c9f elementor-grid-eael-col-3 elementor-grid-tablet-eael-col-2 elementor-grid-mobile-eael-col-1 elementor-widget elementor-widget-eael-post-grid\" data-id=\"f687c9f\" data-element_type=\"widget\" data-e-type=\"widget\" data-settings=\"{&quot;eael_post_grid_columns&quot;:&quot;eael-col-3&quot;,&quot;eael_post_grid_columns_tablet&quot;:&quot;eael-col-2&quot;,&quot;eael_post_grid_columns_mobile&quot;:&quot;eael-col-1&quot;}\" data-widget_type=\"eael-post-grid.default\">\n\t\t\t\t<div class=\"elementor-widget-container\">\n\t\t\t\t\t<div id=\"eael-post-grid-f687c9f\" class=\"eael-post-grid-container\">\n            <div class=\"eael-post-grid eael-post-appender eael-post-appender-f687c9f eael-post-grid-style-one\" data-layout-mode=\"grid\"><article class=\"eael-grid-post  eael-post-grid-column eael-pg-post-439 category-tenis-tenis-sporu-tenis-teknikleri\" data-id=\"439\">\n        <div class=\"eael-grid-post-holder\">\n            <div class=\"eael-grid-post-holder-inner\"><div class=\"eael-entry-media\"><div class=\"eael-entry-overlay fade-in\"><i class=\"fas fa-long-arrow-alt-right\" aria-hidden=\"true\"><\/i><a href=\"https:\/\/fethiyetenis.com\/en\/ozel-tenis-dersleri-ile-teniste-ustalasin\/\"><\/a><\/div><div class=\"eael-entry-thumbnail\">\n                <img fetchpriority=\"high\" decoding=\"async\" width=\"300\" height=\"225\" src=\"https:\/\/fethiyetenis.com\/wp-content\/uploads\/2024\/01\/Fethiye-Tenis-KursuTennis-courses-in-fethiyeFethiye-tenis-kursu-hocalari14-300x225.jpg\" class=\"attachment-medium size-medium wp-image-62\" alt=\"fethiye tenis dersleri- her ya\u015fa uygun birebire tenis dersleri\" srcset=\"https:\/\/fethiyetenis.com\/wp-content\/uploads\/2024\/01\/Fethiye-Tenis-KursuTennis-courses-in-fethiyeFethiye-tenis-kursu-hocalari14-300x225.jpg 300w, https:\/\/fethiyetenis.com\/wp-content\/uploads\/2024\/01\/Fethiye-Tenis-KursuTennis-courses-in-fethiyeFethiye-tenis-kursu-hocalari14-1024x768.jpg 1024w, https:\/\/fethiyetenis.com\/wp-content\/uploads\/2024\/01\/Fethiye-Tenis-KursuTennis-courses-in-fethiyeFethiye-tenis-kursu-hocalari14-768x576.jpg 768w, https:\/\/fethiyetenis.com\/wp-content\/uploads\/2024\/01\/Fethiye-Tenis-KursuTennis-courses-in-fethiyeFethiye-tenis-kursu-hocalari14-1536x1152.jpg 1536w, https:\/\/fethiyetenis.com\/wp-content\/uploads\/2024\/01\/Fethiye-Tenis-KursuTennis-courses-in-fethiyeFethiye-tenis-kursu-hocalari14-2048x1536.jpg 2048w\" sizes=\"(max-width: 300px) 100vw, 300px\" \/>\n            <\/div>\n        <\/div><div class=\"eael-entry-wrapper\"><header class=\"eael-entry-header\"><h2 class=\"eael-entry-title\"><a class=\"eael-grid-post-link\" href=\"https:\/\/fethiyetenis.com\/en\/ozel-tenis-dersleri-ile-teniste-ustalasin\/\" title=\"Master Tennis with Private Lessons!\">Master Tennis with Private Lessons!<\/a><\/h2><\/header><div class=\"eael-entry-content\">\n                        <div class=\"eael-grid-post-excerpt\"><p>Tennis is a sport that people of all ages can enjoy, both fun and\u2026<\/p><a href=\"https:\/\/fethiyetenis.com\/en\/ozel-tenis-dersleri-ile-teniste-ustalasin\/\" class=\"eael-post-elements-readmore-btn\">Click to Read<\/a><\/div>\n                    <\/div><div class=\"eael-entry-footer\"><div class=\"eael-entry-meta\"><\/div><\/div><\/div><\/div>\n        <\/div>\n    <\/article><article class=\"eael-grid-post  eael-post-grid-column eael-pg-post-427 category-tenis-tenis-sporu-tenis-teknikleri\" data-id=\"427\">\n        <div class=\"eael-grid-post-holder\">\n            <div class=\"eael-grid-post-holder-inner\"><div class=\"eael-entry-media\"><div class=\"eael-entry-overlay fade-in\"><i class=\"fas fa-long-arrow-alt-right\" aria-hidden=\"true\"><\/i><a href=\"https:\/\/fethiyetenis.com\/en\/tenisin-muhtesem-dunyasina-adim-atin\/\"><\/a><\/div><div class=\"eael-entry-thumbnail\">\n                <img decoding=\"async\" width=\"300\" height=\"248\" src=\"https:\/\/fethiyetenis.com\/wp-content\/uploads\/2024\/01\/Fethiye-Tenis-KursuTennis-courses-in-fethiyeFethiye-tenis-kursu-hocalari17-300x248.jpg\" class=\"attachment-medium size-medium wp-image-65\" alt=\"tenis-fethiyetenis- tenis oynaman\u0131n faydalar\u0131-tenis dersleri\" srcset=\"https:\/\/fethiyetenis.com\/wp-content\/uploads\/2024\/01\/Fethiye-Tenis-KursuTennis-courses-in-fethiyeFethiye-tenis-kursu-hocalari17-300x248.jpg 300w, https:\/\/fethiyetenis.com\/wp-content\/uploads\/2024\/01\/Fethiye-Tenis-KursuTennis-courses-in-fethiyeFethiye-tenis-kursu-hocalari17-1024x846.jpg 1024w, https:\/\/fethiyetenis.com\/wp-content\/uploads\/2024\/01\/Fethiye-Tenis-KursuTennis-courses-in-fethiyeFethiye-tenis-kursu-hocalari17-768x634.jpg 768w, https:\/\/fethiyetenis.com\/wp-content\/uploads\/2024\/01\/Fethiye-Tenis-KursuTennis-courses-in-fethiyeFethiye-tenis-kursu-hocalari17.jpg 1280w\" sizes=\"(max-width: 300px) 100vw, 300px\" \/>\n            <\/div>\n        <\/div><div class=\"eael-entry-wrapper\"><header class=\"eael-entry-header\"><h2 class=\"eael-entry-title\"><a class=\"eael-grid-post-link\" href=\"https:\/\/fethiyetenis.com\/en\/tenisin-muhtesem-dunyasina-adim-atin\/\" title=\"Step into the Wonderful World of Tennis\">Step into the Wonderful World of Tennis<\/a><\/h2><\/header><div class=\"eael-entry-content\">\n                        <div class=\"eael-grid-post-excerpt\"><p>Tennis is a sport that people of all ages and skill levels can enjoy,\u2026<\/p><a href=\"https:\/\/fethiyetenis.com\/en\/tenisin-muhtesem-dunyasina-adim-atin\/\" class=\"eael-post-elements-readmore-btn\">Click to Read<\/a><\/div>\n                    <\/div><div class=\"eael-entry-footer\"><div class=\"eael-entry-meta\"><\/div><\/div><\/div><\/div>\n        <\/div>\n    <\/article><\/div>\n            <div class=\"clearfix\"><\/div>\n        <\/div>\t\t\t\t<\/div>\n\t\t\t\t<\/div>\n\t\t\t\t<\/div>\n\t\t\t\t<\/div>","protected":false},"excerpt":{"rendered":"<p>Tenis Hakk\u0131nda Her\u015fey Tenisin Muhte\u015fem D\u00fcnyas\u0131na Ad\u0131m At\u0131n Tenis, her ya\u015ftan ve her yetenek seviyesinden insan\u0131n keyif alabilece\u011fi,&#8230; Okumak i\u00e7in T\u0131kla<\/p>","protected":false},"author":1,"featured_media":0,"parent":0,"menu_order":0,"comment_status":"closed","ping_status":"closed","template":"elementor_header_footer","meta":{"nf_dc_page":"","footnotes":""},"class_list":["post-416","page","type-page","status-publish","hentry"],"acf":[],"_links":{"self":[{"href":"https:\/\/fethiyetenis.com\/en\/wp-json\/wp\/v2\/pages\/416","targetHints":{"allow":["GET"]}}],"collection":[{"href":"https:\/\/fethiyetenis.com\/en\/wp-json\/wp\/v2\/pages"}],"about":[{"href":"https:\/\/fethiyetenis.com\/en\/wp-json\/wp\/v2\/types\/page"}],"author":[{"embeddable":true,"href":"https:\/\/fethiyetenis.com\/en\/wp-json\/wp\/v2\/users\/1"}],"replies":[{"embeddable":true,"href":"https:\/\/fethiyetenis.com\/en\/wp-json\/wp\/v2\/comments?post=416"}],"version-history":[{"count":0,"href":"https:\/\/fethiyetenis.com\/en\/wp-json\/wp\/v2\/pages\/416\/revisions"}],"wp:attachment":[{"href":"https:\/\/fethiyetenis.com\/en\/wp-json\/wp\/v2\/media?parent=416"}],"curies":[{"name":"wp","href":"https:\/\/api.w.org\/{rel}","templated":true}]}}