{"id":190,"date":"2024-01-26T07:49:28","date_gmt":"2024-01-26T07:49:28","guid":{"rendered":"http:\/\/fethiyetenis.com\/?page_id=190"},"modified":"2024-02-17T18:58:41","modified_gmt":"2024-02-17T18:58:41","slug":"veteran-tenisi","status":"publish","type":"page","link":"https:\/\/fethiyetenis.com\/en\/veteran-tenisi\/","title":{"rendered":"Veteran Tennis"},"content":{"rendered":"<div data-elementor-type=\"wp-page\" data-elementor-id=\"190\" class=\"elementor elementor-190\" data-elementor-post-type=\"page\">\n\t\t\t\t<div data-particle_enable=\"false\" data-particle-mobile-disabled=\"false\" class=\"elementor-element elementor-element-b46a800 e-con-full e-flex e-con e-parent\" data-id=\"b46a800\" data-element_type=\"container\" data-e-type=\"container\">\n\t\t\t\t<div class=\"elementor-element elementor-element-d56b71c elementor-widget elementor-widget-heading\" data-id=\"d56b71c\" data-element_type=\"widget\" data-e-type=\"widget\" data-widget_type=\"heading.default\">\n\t\t\t\t<div class=\"elementor-widget-container\">\n\t\t\t\t\t<h2 class=\"elementor-heading-title elementor-size-default\">Tennis and Tennis Lessons for Veterans: Enjoyment Regardless of Age<\/h2>\t\t\t\t<\/div>\n\t\t\t\t<\/div>\n\t\t\t\t<\/div>\n\t\t<div data-particle_enable=\"false\" data-particle-mobile-disabled=\"false\" class=\"elementor-element elementor-element-804a5dd e-con-full e-flex e-con e-parent\" data-id=\"804a5dd\" data-element_type=\"container\" data-e-type=\"container\">\n\t\t<div data-particle_enable=\"false\" data-particle-mobile-disabled=\"false\" class=\"elementor-element elementor-element-33510b0 e-con-full e-flex e-con e-child\" data-id=\"33510b0\" data-element_type=\"container\" data-e-type=\"container\">\n\t\t\t\t<div class=\"elementor-element elementor-element-e0b78e0 elementor-widget elementor-widget-image\" data-id=\"e0b78e0\" data-element_type=\"widget\" data-e-type=\"widget\" data-widget_type=\"image.default\">\n\t\t\t\t<div class=\"elementor-widget-container\">\n\t\t\t\t\t\t\t\t\t\t\t\t\t\t\t<img fetchpriority=\"high\" decoding=\"async\" width=\"640\" height=\"427\" src=\"https:\/\/fethiyetenis.com\/wp-content\/uploads\/2024\/01\/Fethiye-Tenis-KursuTennis-courses-in-fethiyeFethiye-tenis-kursu-hocalari26-1024x683.jpg\" class=\"attachment-large size-large wp-image-74\" alt=\"yeti\u015fkinler-b\u00fcy\u00fckler ii\u00e7in tenis dersi-kursu\" srcset=\"https:\/\/fethiyetenis.com\/wp-content\/uploads\/2024\/01\/Fethiye-Tenis-KursuTennis-courses-in-fethiyeFethiye-tenis-kursu-hocalari26-1024x683.jpg 1024w, https:\/\/fethiyetenis.com\/wp-content\/uploads\/2024\/01\/Fethiye-Tenis-KursuTennis-courses-in-fethiyeFethiye-tenis-kursu-hocalari26-300x200.jpg 300w, https:\/\/fethiyetenis.com\/wp-content\/uploads\/2024\/01\/Fethiye-Tenis-KursuTennis-courses-in-fethiyeFethiye-tenis-kursu-hocalari26-768x513.jpg 768w, https:\/\/fethiyetenis.com\/wp-content\/uploads\/2024\/01\/Fethiye-Tenis-KursuTennis-courses-in-fethiyeFethiye-tenis-kursu-hocalari26-1536x1025.jpg 1536w, https:\/\/fethiyetenis.com\/wp-content\/uploads\/2024\/01\/Fethiye-Tenis-KursuTennis-courses-in-fethiyeFethiye-tenis-kursu-hocalari26-2048x1367.jpg 2048w\" sizes=\"(max-width: 640px) 100vw, 640px\" \/>\t\t\t\t\t\t\t\t\t\t\t\t\t\t\t<\/div>\n\t\t\t\t<\/div>\n\t\t\t\t<div class=\"elementor-element elementor-element-7db8663 elementor-widget elementor-widget-image\" data-id=\"7db8663\" data-element_type=\"widget\" data-e-type=\"widget\" data-widget_type=\"image.default\">\n\t\t\t\t<div class=\"elementor-widget-container\">\n\t\t\t\t\t\t\t\t\t\t\t\t\t\t\t<img decoding=\"async\" width=\"640\" height=\"438\" src=\"https:\/\/fethiyetenis.com\/wp-content\/uploads\/2024\/01\/Fethiye-Tenis-KursuTennis-courses-in-fethiyeFethiye-tenis-kursu-hocalari16-1024x701.jpg\" class=\"attachment-large size-large wp-image-64\" alt=\"\" srcset=\"https:\/\/fethiyetenis.com\/wp-content\/uploads\/2024\/01\/Fethiye-Tenis-KursuTennis-courses-in-fethiyeFethiye-tenis-kursu-hocalari16-1024x701.jpg 1024w, https:\/\/fethiyetenis.com\/wp-content\/uploads\/2024\/01\/Fethiye-Tenis-KursuTennis-courses-in-fethiyeFethiye-tenis-kursu-hocalari16-300x205.jpg 300w, https:\/\/fethiyetenis.com\/wp-content\/uploads\/2024\/01\/Fethiye-Tenis-KursuTennis-courses-in-fethiyeFethiye-tenis-kursu-hocalari16-768x526.jpg 768w, https:\/\/fethiyetenis.com\/wp-content\/uploads\/2024\/01\/Fethiye-Tenis-KursuTennis-courses-in-fethiyeFethiye-tenis-kursu-hocalari16-1536x1052.jpg 1536w, https:\/\/fethiyetenis.com\/wp-content\/uploads\/2024\/01\/Fethiye-Tenis-KursuTennis-courses-in-fethiyeFethiye-tenis-kursu-hocalari16-2048x1403.jpg 2048w\" sizes=\"(max-width: 640px) 100vw, 640px\" \/>\t\t\t\t\t\t\t\t\t\t\t\t\t\t\t<\/div>\n\t\t\t\t<\/div>\n\t\t\t\t<\/div>\n\t\t<div data-particle_enable=\"false\" data-particle-mobile-disabled=\"false\" class=\"elementor-element elementor-element-3a161ae e-flex e-con-boxed e-con e-child\" data-id=\"3a161ae\" data-element_type=\"container\" data-e-type=\"container\">\n\t\t\t\t\t<div class=\"e-con-inner\">\n\t\t\t\t<div class=\"elementor-element elementor-element-af7ace4 elementor-widget elementor-widget-text-editor\" data-id=\"af7ace4\" data-element_type=\"widget\" data-e-type=\"widget\" data-widget_type=\"text-editor.default\">\n\t\t\t\t<div class=\"elementor-widget-container\">\n\t\t\t\t\t\t\t\t\t<p style=\"font-weight: 400;\">Tennis is a sport that people of all ages can enjoy. For veterans, tennis goes beyond being just a sport, offering opportunities for socializing, staying in shape, and having fun. Tennis lessons specifically designed for veterans help them enjoy the sport and develop their potential, supporting a healthier and more active lifestyle.<\/p><h2 style=\"font-weight: 400;\"><strong>Benefits of Tennis for Veterans:<\/strong><\/h2><ul><li style=\"font-weight: 400;\">Physical Benefits: Tennis improves cardiovascular health, strengthens muscles, enhances balance and coordination, and increases bone density.<\/li><li style=\"font-weight: 400;\">Mental Benefits: Tennis reduces stress, improves concentration and memory, and boosts self-confidence.<\/li><li style=\"font-weight: 400;\">Social Benefits: Tennis is a great way to meet new people and socialize.<\/li><\/ul><h2 style=\"font-weight: 400;\"><strong>Private Tennis Lessons for Veterans:<\/strong><\/h2><p style=\"font-weight: 400;\">Private tennis lessons for veterans are tailored according to age and skill level. Lessons can cover everything from basic strokes to tactics and strategies. The coach prepares a program considering the specific needs of veterans and may also provide special exercises to minimize the risk of injury.<\/p>\t\t\t\t\t\t\t\t<\/div>\n\t\t\t\t<\/div>\n\t\t\t\t\t<\/div>\n\t\t\t\t<\/div>\n\t\t\t\t<\/div>\n\t\t\t\t<\/div>","protected":false},"excerpt":{"rendered":"<p>Veteranlar i\u00e7in Tenis ve Tenis Dersleri: Ya\u015ftan Ba\u011f\u0131ms\u0131z Keyif Tenis, her ya\u015ftan insan\u0131n keyfini \u00e7\u0131karabilece\u011fi bir spordur. Veteranlar i\u00e7in tenis, sadece bir spor olman\u0131n \u00f6tesinde, <\/p>","protected":false},"author":1,"featured_media":0,"parent":0,"menu_order":0,"comment_status":"closed","ping_status":"closed","template":"elementor_header_footer","meta":{"nf_dc_page":"","footnotes":""},"class_list":["post-190","page","type-page","status-publish","hentry"],"acf":[],"_links":{"self":[{"href":"https:\/\/fethiyetenis.com\/en\/wp-json\/wp\/v2\/pages\/190","targetHints":{"allow":["GET"]}}],"collection":[{"href":"https:\/\/fethiyetenis.com\/en\/wp-json\/wp\/v2\/pages"}],"about":[{"href":"https:\/\/fethiyetenis.com\/en\/wp-json\/wp\/v2\/types\/page"}],"author":[{"embeddable":true,"href":"https:\/\/fethiyetenis.com\/en\/wp-json\/wp\/v2\/users\/1"}],"replies":[{"embeddable":true,"href":"https:\/\/fethiyetenis.com\/en\/wp-json\/wp\/v2\/comments?post=190"}],"version-history":[{"count":0,"href":"https:\/\/fethiyetenis.com\/en\/wp-json\/wp\/v2\/pages\/190\/revisions"}],"wp:attachment":[{"href":"https:\/\/fethiyetenis.com\/en\/wp-json\/wp\/v2\/media?parent=190"}],"curies":[{"name":"wp","href":"https:\/\/api.w.org\/{rel}","templated":true}]}}