{"id":186,"date":"2024-01-26T07:48:06","date_gmt":"2024-01-26T07:48:06","guid":{"rendered":"http:\/\/fethiyetenis.com\/?page_id=186"},"modified":"2024-02-17T19:01:19","modified_gmt":"2024-02-17T19:01:19","slug":"yetiskin-tenisi","status":"publish","type":"page","link":"https:\/\/fethiyetenis.com\/en\/yetiskin-tenisi\/","title":{"rendered":"Adults Tennis"},"content":{"rendered":"<div data-elementor-type=\"wp-page\" data-elementor-id=\"186\" class=\"elementor elementor-186\" data-elementor-post-type=\"page\">\n\t\t\t\t<div data-particle_enable=\"false\" data-particle-mobile-disabled=\"false\" class=\"elementor-element elementor-element-1e14e74 e-con-full e-flex e-con e-parent\" data-id=\"1e14e74\" data-element_type=\"container\" data-e-type=\"container\">\n\t\t\t\t<div class=\"elementor-element elementor-element-7d896cd elementor-widget elementor-widget-heading\" data-id=\"7d896cd\" data-element_type=\"widget\" data-e-type=\"widget\" data-widget_type=\"heading.default\">\n\t\t\t\t<div class=\"elementor-widget-container\">\n\t\t\t\t\t<h2 class=\"elementor-heading-title elementor-size-default\">Private Tennis Lessons for Adults: Success in Tennis with Personalized Training<\/h2>\t\t\t\t<\/div>\n\t\t\t\t<\/div>\n\t\t\t\t<\/div>\n\t\t<div data-particle_enable=\"false\" data-particle-mobile-disabled=\"false\" class=\"elementor-element elementor-element-4ed20a3 e-con-full e-flex e-con e-parent\" data-id=\"4ed20a3\" data-element_type=\"container\" data-e-type=\"container\">\n\t\t<div data-particle_enable=\"false\" data-particle-mobile-disabled=\"false\" class=\"elementor-element elementor-element-3b8e971 e-con-full e-flex e-con e-child\" data-id=\"3b8e971\" data-element_type=\"container\" data-e-type=\"container\">\n\t\t\t\t<div class=\"elementor-element elementor-element-3e0c59f elementor-widget elementor-widget-image\" data-id=\"3e0c59f\" data-element_type=\"widget\" data-e-type=\"widget\" data-widget_type=\"image.default\">\n\t\t\t\t<div class=\"elementor-widget-container\">\n\t\t\t\t\t\t\t\t\t\t\t\t\t\t\t<img fetchpriority=\"high\" decoding=\"async\" width=\"640\" height=\"960\" src=\"https:\/\/fethiyetenis.com\/wp-content\/uploads\/2024\/01\/Fethiye-Tenis-KursuTennis-courses-in-fethiyeFethiye-tenis-kursu-hocalari3-683x1024.jpg\" class=\"attachment-large size-large wp-image-49\" alt=\"yeti\u015fkinler i\u00e7in tenis dersleri\" srcset=\"https:\/\/fethiyetenis.com\/wp-content\/uploads\/2024\/01\/Fethiye-Tenis-KursuTennis-courses-in-fethiyeFethiye-tenis-kursu-hocalari3-683x1024.jpg 683w, https:\/\/fethiyetenis.com\/wp-content\/uploads\/2024\/01\/Fethiye-Tenis-KursuTennis-courses-in-fethiyeFethiye-tenis-kursu-hocalari3-200x300.jpg 200w, https:\/\/fethiyetenis.com\/wp-content\/uploads\/2024\/01\/Fethiye-Tenis-KursuTennis-courses-in-fethiyeFethiye-tenis-kursu-hocalari3-768x1152.jpg 768w, https:\/\/fethiyetenis.com\/wp-content\/uploads\/2024\/01\/Fethiye-Tenis-KursuTennis-courses-in-fethiyeFethiye-tenis-kursu-hocalari3-1024x1536.jpg 1024w, https:\/\/fethiyetenis.com\/wp-content\/uploads\/2024\/01\/Fethiye-Tenis-KursuTennis-courses-in-fethiyeFethiye-tenis-kursu-hocalari3-1365x2048.jpg 1365w, https:\/\/fethiyetenis.com\/wp-content\/uploads\/2024\/01\/Fethiye-Tenis-KursuTennis-courses-in-fethiyeFethiye-tenis-kursu-hocalari3-scaled.jpg 1707w\" sizes=\"(max-width: 640px) 100vw, 640px\" \/>\t\t\t\t\t\t\t\t\t\t\t\t\t\t\t<\/div>\n\t\t\t\t<\/div>\n\t\t\t\t<\/div>\n\t\t<div data-particle_enable=\"false\" data-particle-mobile-disabled=\"false\" class=\"elementor-element elementor-element-2a5f21c e-flex e-con-boxed e-con e-child\" data-id=\"2a5f21c\" data-element_type=\"container\" data-e-type=\"container\">\n\t\t\t\t\t<div class=\"e-con-inner\">\n\t\t\t\t<div class=\"elementor-element elementor-element-e740873 elementor-widget elementor-widget-text-editor\" data-id=\"e740873\" data-element_type=\"widget\" data-e-type=\"widget\" data-widget_type=\"text-editor.default\">\n\t\t\t\t<div class=\"elementor-widget-container\">\n\t\t\t\t\t\t\t\t\t<p style=\"font-weight: 400;\">Tennis is not only an enjoyable and healthy sport for people of all ages, but it also offers many benefits for adults. It helps reduce stress, stay in shape, and provides opportunities for socializing. Private tennis lessons for adults allow them to enjoy the sport and develop their potential, helping them adopt a healthier and more active lifestyle.<\/p><p style=\"font-weight: 400;\">Benefits of Private Tennis Lessons for Adults:<\/p><ul><li style=\"font-weight: 400;\">Personalized Training: Private lessons offer a training program tailored to individual needs and learning styles.<\/li><li style=\"font-weight: 400;\">Rapid Improvement: In private lessons, the coach gives you their full attention, which allows you to progress more quickly.<\/li><li style=\"font-weight: 400;\">Flexibility: Private lessons can be scheduled according to your timetable.<\/li><li style=\"font-weight: 400;\">Motivation: Private lessons boost motivation and self-confidence.<\/li><\/ul><p style=\"font-weight: 400;\">How Are Private Tennis Lessons for Adults Conducted?<\/p><p style=\"font-weight: 400;\">Private tennis lessons for adults are conducted in a way that is tailored to individual needs and learning styles. The coach prepares a program based on your level and skills. Lessons can cover everything from basic strokes to tactics and strategies.<\/p>\t\t\t\t\t\t\t\t<\/div>\n\t\t\t\t<\/div>\n\t\t\t\t\t<\/div>\n\t\t\t\t<\/div>\n\t\t\t\t<\/div>\n\t\t\t\t<\/div>","protected":false},"excerpt":{"rendered":"<p>Yeti\u015fkinler i\u00e7in \u00d6zel Tenis Dersleri: Ki\u015fiye \u00d6zel E\u011fitim ile Teniste Ba\u015far\u0131 Tenis, her ya\u015ftan insan i\u00e7in keyifli ve sa\u011fl\u0131kl\u0131 bir spor olmas\u0131n\u0131n yan\u0131nda, yeti\u015fkinlere de <\/p>","protected":false},"author":1,"featured_media":0,"parent":0,"menu_order":0,"comment_status":"closed","ping_status":"closed","template":"elementor_header_footer","meta":{"nf_dc_page":"","footnotes":""},"class_list":["post-186","page","type-page","status-publish","hentry"],"acf":[],"_links":{"self":[{"href":"https:\/\/fethiyetenis.com\/en\/wp-json\/wp\/v2\/pages\/186","targetHints":{"allow":["GET"]}}],"collection":[{"href":"https:\/\/fethiyetenis.com\/en\/wp-json\/wp\/v2\/pages"}],"about":[{"href":"https:\/\/fethiyetenis.com\/en\/wp-json\/wp\/v2\/types\/page"}],"author":[{"embeddable":true,"href":"https:\/\/fethiyetenis.com\/en\/wp-json\/wp\/v2\/users\/1"}],"replies":[{"embeddable":true,"href":"https:\/\/fethiyetenis.com\/en\/wp-json\/wp\/v2\/comments?post=186"}],"version-history":[{"count":0,"href":"https:\/\/fethiyetenis.com\/en\/wp-json\/wp\/v2\/pages\/186\/revisions"}],"wp:attachment":[{"href":"https:\/\/fethiyetenis.com\/en\/wp-json\/wp\/v2\/media?parent=186"}],"curies":[{"name":"wp","href":"https:\/\/api.w.org\/{rel}","templated":true}]}}