{"id":18,"date":"2024-01-22T11:37:58","date_gmt":"2024-01-22T11:37:58","guid":{"rendered":"https:\/\/uyq.cua.mybluehost.me\/.website_02c984a4\/?page_id=18"},"modified":"2025-07-07T13:23:17","modified_gmt":"2025-07-07T13:23:17","slug":"home","status":"publish","type":"page","link":"https:\/\/fethiyetenis.com\/en\/","title":{"rendered":"Home"},"content":{"rendered":"<div data-elementor-type=\"wp-page\" data-elementor-id=\"18\" class=\"elementor elementor-18\" data-elementor-post-type=\"page\">\n\t\t\t\t<div data-particle_enable=\"false\" data-particle-mobile-disabled=\"false\" class=\"elementor-element elementor-element-f31ffc1 e-con-full e-flex e-con e-parent\" data-id=\"f31ffc1\" data-element_type=\"container\" data-e-type=\"container\" data-settings=\"{&quot;background_background&quot;:&quot;classic&quot;,&quot;shape_divider_bottom&quot;:&quot;mountains&quot;}\">\n\t\t\t\t<div class=\"elementor-shape elementor-shape-bottom\" aria-hidden=\"true\" data-negative=\"false\">\n\t\t\t<svg xmlns=\"http:\/\/www.w3.org\/2000\/svg\" viewbox=\"0 0 1000 100\" preserveaspectratio=\"none\">\n\t<path class=\"elementor-shape-fill\" opacity=\"0.33\" d=\"M473,67.3c-203.9,88.3-263.1-34-320.3,0C66,119.1,0,59.7,0,59.7V0h1000v59.7 c0,0-62.1,26.1-94.9,29.3c-32.8,3.3-62.8-12.3-75.8-22.1C806,49.6,745.3,8.7,694.9,4.7S492.4,59,473,67.3z\"><\/path>\n\t<path class=\"elementor-shape-fill\" opacity=\"0.66\" d=\"M734,67.3c-45.5,0-77.2-23.2-129.1-39.1c-28.6-8.7-150.3-10.1-254,39.1 s-91.7-34.4-149.2,0C115.7,118.3,0,39.8,0,39.8V0h1000v36.5c0,0-28.2-18.5-92.1-18.5C810.2,18.1,775.7,67.3,734,67.3z\"><\/path>\n\t<path class=\"elementor-shape-fill\" d=\"M766.1,28.9c-200-57.5-266,65.5-395.1,19.5C242,1.8,242,5.4,184.8,20.6C128,35.8,132.3,44.9,89.9,52.5C28.6,63.7,0,0,0,0 h1000c0,0-9.9,40.9-83.6,48.1S829.6,47,766.1,28.9z\"><\/path>\n<\/svg>\t\t<\/div>\n\t\t\t\t<div class=\"elementor-element elementor-element-049ca43 elementor-widget__width-inherit elementor-widget-mobile__width-initial elementor-widget elementor-widget-heading\" data-id=\"049ca43\" data-element_type=\"widget\" data-e-type=\"widget\" data-widget_type=\"heading.default\">\n\t\t\t\t<div class=\"elementor-widget-container\">\n\t\t\t\t\t<h2 class=\"elementor-heading-title elementor-size-large\">fethiyetenis.com\n | Fethiye's Tennis Web Site<\/h2>\t\t\t\t<\/div>\n\t\t\t\t<\/div>\n\t\t\t\t<\/div>\n\t\t<div data-particle_enable=\"false\" data-particle-mobile-disabled=\"false\" class=\"elementor-element elementor-element-352c2af e-flex e-con-boxed e-con e-parent\" data-id=\"352c2af\" data-element_type=\"container\" data-e-type=\"container\">\n\t\t\t\t\t<div class=\"e-con-inner\">\n\t\t\t\t<div class=\"elementor-element elementor-element-a34926d elementor-widget elementor-widget-text-editor\" data-id=\"a34926d\" data-element_type=\"widget\" data-e-type=\"widget\" data-widget_type=\"text-editor.default\">\n\t\t\t\t<div class=\"elementor-widget-container\">\n\t\t\t\t\t\t\t\t\t<h3 dir=\"auto\" style=\"text-align: center;\">Discover Your Passion for Tennis with fethiyetenis.com<\/h3><p><span style=\"color: #000000;\">Get professional tennis training with the unique scenery of Fethiye! Improve your skills with our special programs for athletes of all ages and levels. Join our tennis community through tournaments and events. Call now at (535) 734 57 87.<\/span><\/p>\t\t\t\t\t\t\t\t<\/div>\n\t\t\t\t<\/div>\n\t\t\t\t\t<\/div>\n\t\t\t\t<\/div>\n\t\t<div data-particle_enable=\"false\" data-particle-mobile-disabled=\"false\" class=\"elementor-element elementor-element-2d85b96 e-con-full e-flex e-con e-parent\" data-id=\"2d85b96\" data-element_type=\"container\" data-e-type=\"container\">\n\t\t<div data-particle_enable=\"false\" data-particle-mobile-disabled=\"false\" class=\"elementor-element elementor-element-637fc23 e-con-full e-flex e-con e-child\" data-id=\"637fc23\" data-element_type=\"container\" data-e-type=\"container\">\n\t\t\t\t<div class=\"elementor-element elementor-element-9b36599 elementor-widget elementor-widget-image\" data-id=\"9b36599\" data-element_type=\"widget\" data-e-type=\"widget\" data-widget_type=\"image.default\">\n\t\t\t\t<div class=\"elementor-widget-container\">\n\t\t\t\t\t\t\t\t\t\t\t\t\t\t\t<img fetchpriority=\"high\" decoding=\"async\" width=\"640\" height=\"317\" src=\"https:\/\/fethiyetenis.com\/wp-content\/uploads\/2024\/01\/Fethiye-Tenis-KursuTennis-courses-in-fethiyeFethiye-tenis-kursu-hocalari29-1024x507.jpg\" class=\"attachment-large size-large wp-image-77\" alt=\"\u00e7ocuklara tenis dersleri fethiye\" srcset=\"https:\/\/fethiyetenis.com\/wp-content\/uploads\/2024\/01\/Fethiye-Tenis-KursuTennis-courses-in-fethiyeFethiye-tenis-kursu-hocalari29-1024x507.jpg 1024w, https:\/\/fethiyetenis.com\/wp-content\/uploads\/2024\/01\/Fethiye-Tenis-KursuTennis-courses-in-fethiyeFethiye-tenis-kursu-hocalari29-300x149.jpg 300w, https:\/\/fethiyetenis.com\/wp-content\/uploads\/2024\/01\/Fethiye-Tenis-KursuTennis-courses-in-fethiyeFethiye-tenis-kursu-hocalari29-768x381.jpg 768w, https:\/\/fethiyetenis.com\/wp-content\/uploads\/2024\/01\/Fethiye-Tenis-KursuTennis-courses-in-fethiyeFethiye-tenis-kursu-hocalari29-1536x761.jpg 1536w, https:\/\/fethiyetenis.com\/wp-content\/uploads\/2024\/01\/Fethiye-Tenis-KursuTennis-courses-in-fethiyeFethiye-tenis-kursu-hocalari29-2048x1015.jpg 2048w\" sizes=\"(max-width: 640px) 100vw, 640px\" \/>\t\t\t\t\t\t\t\t\t\t\t\t\t\t\t<\/div>\n\t\t\t\t<\/div>\n\t\t\t\t<\/div>\n\t\t<div data-particle_enable=\"false\" data-particle-mobile-disabled=\"false\" class=\"elementor-element elementor-element-faca555 e-con-full e-flex e-con e-child\" data-id=\"faca555\" data-element_type=\"container\" data-e-type=\"container\" data-settings=\"{&quot;background_background&quot;:&quot;classic&quot;,&quot;shape_divider_top&quot;:&quot;curve-asymmetrical&quot;}\">\n\t\t\t\t<div class=\"elementor-shape elementor-shape-top\" aria-hidden=\"true\" data-negative=\"false\">\n\t\t\t<svg xmlns=\"http:\/\/www.w3.org\/2000\/svg\" viewbox=\"0 0 1000 100\" preserveaspectratio=\"none\">\n\t<path class=\"elementor-shape-fill\" d=\"M0,0c0,0,0,6,0,6.7c0,18,240.2,93.6,615.2,92.6C989.8,98.5,1000,25,1000,6.7c0-0.7,0-6.7,0-6.7H0z\"><\/path>\n<\/svg>\t\t<\/div>\n\t\t\t\t<div class=\"elementor-element elementor-element-92101e6 elementor-invisible elementor-widget elementor-widget-heading\" data-id=\"92101e6\" data-element_type=\"widget\" data-e-type=\"widget\" data-settings=\"{&quot;_animation&quot;:&quot;bounceIn&quot;}\" data-widget_type=\"heading.default\">\n\t\t\t\t<div class=\"elementor-widget-container\">\n\t\t\t\t\t<h3 class=\"elementor-heading-title elementor-size-default\">Fethiye Tennis Courses<\/h3>\t\t\t\t<\/div>\n\t\t\t\t<\/div>\n\t\t\t\t<div class=\"elementor-element elementor-element-4af89f3 elementor-widget elementor-widget-text-editor\" data-id=\"4af89f3\" data-element_type=\"widget\" data-e-type=\"widget\" data-widget_type=\"text-editor.default\">\n\t\t\t\t<div class=\"elementor-widget-container\">\n\t\t\t\t\t\t\t\t\t<p><a href=\"https:\/\/fethiyetenis.com\/en\/yeni-baslayanlar\/\">Fethiye Tennis Courses<\/a> Fethiye Badminton Courses - Fethiye Table Tennis Courses - Fethiye Tennis - Tennis Course Fethiye - Fethiye Tennis Training - Tennis Lessons Fethiye - Fethiye Tennis Club - Tennis Training Fethiye - Fethiye Tennis Courts - Tennis School Fethiye - Playing Tennis in Fethiye - Tennis Courses in Fethiye - Fethiye Tennis Training Center - Private Tennis Lessons Fethiye - Tennis Playing in Fethiye - Tennis Coach Fethiye - Fethiye Tennis Fields - Tennis Tournaments Fethiye <a href=\"https:\/\/fethiyetenis.com\/en\/yetiskin-tenisi\/\">Fethiye tennis adult courses<\/a> &#8211; <a href=\"https:\/\/fethiyetenis.com\/en\/cocuk-tenisi\/#cocuklara-tenisin-faydlari\">Tennis courses for children in Fethiye<\/a> - Tennis teams Fethiye - <span style=\"font-weight: 400;\">Professional tennis training in Fethiye \u2013 Fethiye badminton lessons \u2013 Fethiye table tennis \u2013 Tennis racket \u2013 Tennis equipment sales \u2013 Second-hand tennis equipment \u2013 Tennis ball<\/span><\/p>\t\t\t\t\t\t\t\t<\/div>\n\t\t\t\t<\/div>\n\t\t\t\t<\/div>\n\t\t\t\t<\/div>\n\t\t\t\t<\/div>","protected":false},"excerpt":{"rendered":"<p>fethiyetenis.com | Fethiye&#8217;nin Tenis Sitesi Fethiye Tenis Okulu ile Tenis Tutkunuzu Ke\u015ffedin! Fethiye\u2019nin e\u015fsiz manzaralar\u0131 e\u015fli\u011finde profesyonel tenis e\u011fitimi al\u0131n! Her ya\u015ftan ve seviyeden sporcu <\/p>","protected":false},"author":1,"featured_media":0,"parent":0,"menu_order":0,"comment_status":"closed","ping_status":"closed","template":"elementor_header_footer","meta":{"nf_dc_page":"","footnotes":""},"class_list":["post-18","page","type-page","status-publish","hentry"],"acf":[],"_links":{"self":[{"href":"https:\/\/fethiyetenis.com\/en\/wp-json\/wp\/v2\/pages\/18","targetHints":{"allow":["GET"]}}],"collection":[{"href":"https:\/\/fethiyetenis.com\/en\/wp-json\/wp\/v2\/pages"}],"about":[{"href":"https:\/\/fethiyetenis.com\/en\/wp-json\/wp\/v2\/types\/page"}],"author":[{"embeddable":true,"href":"https:\/\/fethiyetenis.com\/en\/wp-json\/wp\/v2\/users\/1"}],"replies":[{"embeddable":true,"href":"https:\/\/fethiyetenis.com\/en\/wp-json\/wp\/v2\/comments?post=18"}],"version-history":[{"count":0,"href":"https:\/\/fethiyetenis.com\/en\/wp-json\/wp\/v2\/pages\/18\/revisions"}],"wp:attachment":[{"href":"https:\/\/fethiyetenis.com\/en\/wp-json\/wp\/v2\/media?parent=18"}],"curies":[{"name":"wp","href":"https:\/\/api.w.org\/{rel}","templated":true}]}}